{"id":432,"date":"2023-08-02T11:29:36","date_gmt":"2023-08-02T09:29:36","guid":{"rendered":"http:\/\/gautier-sylvie.com\/?page_id=432"},"modified":"2025-01-13T16:09:03","modified_gmt":"2025-01-13T15:09:03","slug":"psychanalyse","status":"publish","type":"page","link":"https:\/\/www.gautier-sylvie.com\/index.php\/psychanalyse\/","title":{"rendered":"Psychanalyse"},"content":{"rendered":"\t\t<div data-elementor-type=\"wp-page\" data-elementor-id=\"432\" class=\"elementor elementor-432\">\n\t\t\t\t\t\t<section class=\"elementor-section elementor-top-section elementor-element elementor-element-3698cec1 elementor-section-boxed elementor-section-height-default elementor-section-height-default wpr-particle-no wpr-jarallax-no wpr-parallax-no wpr-sticky-section-no\" data-id=\"3698cec1\" data-element_type=\"section\" data-e-type=\"section\" data-settings=\"{&quot;background_background&quot;:&quot;slideshow&quot;,&quot;background_slideshow_gallery&quot;:[{&quot;id&quot;:326,&quot;url&quot;:&quot;https:\\\/\\\/www.gautier-sylvie.com\\\/wp-content\\\/uploads\\\/2023\\\/08\\\/2023-SLIDE-PRINCIPAL-MAINS-COUPLE.jpg&quot;},{&quot;id&quot;:330,&quot;url&quot;:&quot;https:\\\/\\\/www.gautier-sylvie.com\\\/wp-content\\\/uploads\\\/2023\\\/08\\\/COUPLE-HETERO-ai-generated-8047725_640.webp&quot;},{&quot;id&quot;:332,&quot;url&quot;:&quot;https:\\\/\\\/www.gautier-sylvie.com\\\/wp-content\\\/uploads\\\/2023\\\/08\\\/hearts-7694601_640.jpg&quot;},{&quot;id&quot;:331,&quot;url&quot;:&quot;https:\\\/\\\/www.gautier-sylvie.com\\\/wp-content\\\/uploads\\\/2023\\\/08\\\/COUPLE-HOMMES.jpg&quot;},{&quot;id&quot;:328,&quot;url&quot;:&quot;https:\\\/\\\/www.gautier-sylvie.com\\\/wp-content\\\/uploads\\\/2023\\\/08\\\/2023-COUPLE-BEBE.jpg&quot;},{&quot;id&quot;:329,&quot;url&quot;:&quot;https:\\\/\\\/www.gautier-sylvie.com\\\/wp-content\\\/uploads\\\/2023\\\/08\\\/COUPLE-FEMMES-women-1733991_640.jpg&quot;}],&quot;background_slideshow_transition_duration&quot;:400,&quot;background_slideshow_loop&quot;:&quot;yes&quot;,&quot;background_slideshow_slide_duration&quot;:5000,&quot;background_slideshow_slide_transition&quot;:&quot;fade&quot;}\">\n\t\t\t\t\t\t\t<div class=\"elementor-background-overlay\"><\/div>\n\t\t\t\t\t\t\t<div class=\"elementor-container elementor-column-gap-default\">\n\t\t\t\t\t<div class=\"elementor-column elementor-col-100 elementor-top-column elementor-element elementor-element-1f82a4bb\" data-id=\"1f82a4bb\" data-element_type=\"column\" data-e-type=\"column\" data-settings=\"{&quot;background_background&quot;:&quot;classic&quot;}\">\n\t\t\t<div class=\"elementor-widget-wrap elementor-element-populated\">\n\t\t\t\t\t\t<div class=\"elementor-element elementor-element-7572644e elementor-widget elementor-widget-spacer\" data-id=\"7572644e\" data-element_type=\"widget\" data-e-type=\"widget\" data-widget_type=\"spacer.default\">\n\t\t\t\t<div class=\"elementor-widget-container\">\n\t\t\t\t\t\t\t<div class=\"elementor-spacer\">\n\t\t\t<div class=\"elementor-spacer-inner\"><\/div>\n\t\t<\/div>\n\t\t\t\t\t\t<\/div>\n\t\t\t\t<\/div>\n\t\t\t\t<div class=\"elementor-element elementor-element-4f80f6b elementor-hidden-tablet elementor-hidden-mobile elementor-widget elementor-widget-heading\" data-id=\"4f80f6b\" data-element_type=\"widget\" data-e-type=\"widget\" data-widget_type=\"heading.default\">\n\t\t\t\t<div class=\"elementor-widget-container\">\n\t\t\t\t\t<h1 class=\"elementor-heading-title elementor-size-default\">Psychanalyste  Sexoth\u00e9rapeute Th\u00e9rapeute de couple <br>\nMarseille<\/h1>\t\t\t\t<\/div>\n\t\t\t\t<\/div>\n\t\t\t\t<div class=\"elementor-element elementor-element-3daa71 elementor-hidden-desktop elementor-widget elementor-widget-heading\" data-id=\"3daa71\" data-element_type=\"widget\" data-e-type=\"widget\" data-widget_type=\"heading.default\">\n\t\t\t\t<div class=\"elementor-widget-container\">\n\t\t\t\t\t<h1 class=\"elementor-heading-title elementor-size-default\">Psychanalyste Sexoth\u00e9rapeute \n<br>Th\u00e9rapeute de couple <br>\nMarseille<\/h1>\t\t\t\t<\/div>\n\t\t\t\t<\/div>\n\t\t\t\t<div class=\"elementor-element elementor-element-2258b9cc elementor-align-center elementor-widget elementor-widget-button\" data-id=\"2258b9cc\" data-element_type=\"widget\" data-e-type=\"widget\" data-widget_type=\"button.default\">\n\t\t\t\t<div class=\"elementor-widget-container\">\n\t\t\t\t\t\t\t\t\t<div class=\"elementor-button-wrapper\">\n\t\t\t\t\t<a class=\"elementor-button elementor-button-link elementor-size-sm\" href=\"https:\/\/www.gautier-sylvie.com\/index.php\/contact\/\">\n\t\t\t\t\t\t<span class=\"elementor-button-content-wrapper\">\n\t\t\t\t\t\t\t\t\t<span class=\"elementor-button-text\">CONTACT<\/span>\n\t\t\t\t\t<\/span>\n\t\t\t\t\t<\/a>\n\t\t\t\t<\/div>\n\t\t\t\t\t\t\t\t<\/div>\n\t\t\t\t<\/div>\n\t\t\t\t<div class=\"elementor-element elementor-element-3a9fc976 elementor-widget elementor-widget-spacer\" data-id=\"3a9fc976\" data-element_type=\"widget\" data-e-type=\"widget\" data-widget_type=\"spacer.default\">\n\t\t\t\t<div class=\"elementor-widget-container\">\n\t\t\t\t\t\t\t<div class=\"elementor-spacer\">\n\t\t\t<div class=\"elementor-spacer-inner\"><\/div>\n\t\t<\/div>\n\t\t\t\t\t\t<\/div>\n\t\t\t\t<\/div>\n\t\t\t\t\t<\/div>\n\t\t<\/div>\n\t\t\t\t\t<\/div>\n\t\t<\/section>\n\t\t\t\t<section class=\"elementor-section elementor-top-section elementor-element elementor-element-306e3ce elementor-section-boxed elementor-section-height-default elementor-section-height-default wpr-particle-no wpr-jarallax-no wpr-parallax-no wpr-sticky-section-no\" data-id=\"306e3ce\" data-element_type=\"section\" data-e-type=\"section\" data-settings=\"{&quot;background_background&quot;:&quot;classic&quot;}\">\n\t\t\t\t\t\t\t<div class=\"elementor-background-overlay\"><\/div>\n\t\t\t\t\t\t\t<div class=\"elementor-container elementor-column-gap-default\">\n\t\t\t\t\t<div class=\"elementor-column elementor-col-100 elementor-top-column elementor-element elementor-element-d87c097\" data-id=\"d87c097\" data-element_type=\"column\" data-e-type=\"column\">\n\t\t\t<div class=\"elementor-widget-wrap elementor-element-populated\">\n\t\t\t\t\t\t<div class=\"elementor-element elementor-element-4e8a474 elementor-widget elementor-widget-spacer\" data-id=\"4e8a474\" data-element_type=\"widget\" data-e-type=\"widget\" data-widget_type=\"spacer.default\">\n\t\t\t\t<div class=\"elementor-widget-container\">\n\t\t\t\t\t\t\t<div class=\"elementor-spacer\">\n\t\t\t<div class=\"elementor-spacer-inner\"><\/div>\n\t\t<\/div>\n\t\t\t\t\t\t<\/div>\n\t\t\t\t<\/div>\n\t\t\t\t<div class=\"elementor-element elementor-element-37cd5f4 elementor-widget elementor-widget-heading\" data-id=\"37cd5f4\" data-element_type=\"widget\" data-e-type=\"widget\" data-widget_type=\"heading.default\">\n\t\t\t\t<div class=\"elementor-widget-container\">\n\t\t\t\t\t<h2 class=\"elementor-heading-title elementor-size-default\">Psychanalyse<\/h2>\t\t\t\t<\/div>\n\t\t\t\t<\/div>\n\t\t\t\t<div class=\"elementor-element elementor-element-84c43bf elementor-widget-divider--view-line elementor-widget elementor-widget-divider\" data-id=\"84c43bf\" data-element_type=\"widget\" data-e-type=\"widget\" data-widget_type=\"divider.default\">\n\t\t\t\t<div class=\"elementor-widget-container\">\n\t\t\t\t\t\t\t<div class=\"elementor-divider\">\n\t\t\t<span class=\"elementor-divider-separator\">\n\t\t\t\t\t\t<\/span>\n\t\t<\/div>\n\t\t\t\t\t\t<\/div>\n\t\t\t\t<\/div>\n\t\t\t\t<div class=\"elementor-element elementor-element-e89b425 elementor-widget elementor-widget-image\" data-id=\"e89b425\" data-element_type=\"widget\" data-e-type=\"widget\" data-widget_type=\"image.default\">\n\t\t\t\t<div class=\"elementor-widget-container\">\n\t\t\t\t\t\t\t\t\t\t\t\t\t\t\t<img decoding=\"async\" width=\"300\" height=\"120\" src=\"https:\/\/www.gautier-sylvie.com\/wp-content\/uploads\/2023\/08\/2023-PAGE-PSYCHANALYSE-1-300x120.jpg\" class=\"attachment-medium size-medium wp-image-324\" alt=\"\" srcset=\"https:\/\/www.gautier-sylvie.com\/wp-content\/uploads\/2023\/08\/2023-PAGE-PSYCHANALYSE-1-300x120.jpg 300w, https:\/\/www.gautier-sylvie.com\/wp-content\/uploads\/2023\/08\/2023-PAGE-PSYCHANALYSE-1.jpg 640w\" sizes=\"(max-width: 300px) 100vw, 300px\" \/>\t\t\t\t\t\t\t\t\t\t\t\t\t\t\t<\/div>\n\t\t\t\t<\/div>\n\t\t\t\t<section class=\"elementor-section elementor-inner-section elementor-element elementor-element-bdf8420 elementor-section-boxed elementor-section-height-default elementor-section-height-default wpr-particle-no wpr-jarallax-no wpr-parallax-no wpr-sticky-section-no\" data-id=\"bdf8420\" data-element_type=\"section\" data-e-type=\"section\">\n\t\t\t\t\t\t<div class=\"elementor-container elementor-column-gap-default\">\n\t\t\t\t\t<div class=\"elementor-column elementor-col-100 elementor-inner-column elementor-element elementor-element-80342b0\" data-id=\"80342b0\" data-element_type=\"column\" data-e-type=\"column\">\n\t\t\t<div class=\"elementor-widget-wrap elementor-element-populated\">\n\t\t\t\t\t\t<div class=\"elementor-element elementor-element-6c22aca elementor-widget elementor-widget-text-editor\" data-id=\"6c22aca\" data-element_type=\"widget\" data-e-type=\"widget\" data-widget_type=\"text-editor.default\">\n\t\t\t\t<div class=\"elementor-widget-container\">\n\t\t\t\t\t\t\t\t\t<p><strong><span style=\"font-size: 11.0pt; font-family: 'Arial',sans-serif;\">Contrairement aux id\u00e9es re\u00e7ues, une analyse ne signifie pas obligatoirement s&rsquo;engager dans une th\u00e9rapie interminable.<\/span><\/strong><\/p><p><span style=\"font-size: 11.0pt; font-family: 'Arial',sans-serif;\">Elle est souhaitable lorsque le poids du pass\u00e9 handicape le pr\u00e9sent au point d\u2019emp\u00eacher une \u00e9volution, une prise de d\u00e9cision ou tout simplement un changement de comportement.<\/span><\/p><p style=\"text-align: justify;\"><span style=\"font-size: 11.0pt; font-family: 'Arial',sans-serif;\">La position allong\u00e9e sur le divan favorise le l\u00e2cher prise, l&rsquo;acc\u00e8s aux souvenirs et &#8211; par ce biais &#8211; \u00e0 l&rsquo;inconscient. Le patient est invit\u00e9 \u00e0 associer librement, c&rsquo;est-\u00e0-dire livrer tout ce qui lui passe par la t\u00eate, sans chercher \u00e0 retenir ou filtrer. Le divan permet de se livrer avec une plus grande libert\u00e9. Il n&rsquo;y a plus de face \u00e0 face car le psychanalyste est plac\u00e9 derri\u00e8re lui ce qui ne signifie pas pour autant qu&rsquo;il restera silencieux. Il va accompagner &#8211; de sa pr\u00e9sence discr\u00e8te &#8211; le patient dans cette d\u00e9marche si particuli\u00e8re, cette aventure qui am\u00e8ne \u00e0 la lib\u00e9ration, la compr\u00e9hension et l&rsquo;acceptation de son histoire.<\/span><\/p><p style=\"text-align: justify;\"><span style=\"font-size: 11.0pt; font-family: 'Arial',sans-serif;\">D\u00e9tricoter son histoire sur le divan, c\u2019est aller \u00e0 la rencontre de soi-m\u00eame, trouver son identit\u00e9 c&rsquo;est-\u00e0-dire sa place ou se retrouver, enfin. Progressivement, un mieux \u00eatre se fait sentir, une \u00e9nergie nouvelle se manifeste, annonciatrice de changements. Lorsque le patient est parvenu \u00e0 une situation \u00ab\u00a0confortable\u00a0\u00bb vis \u00e0 vis de ce qui l&rsquo;avait conduit \u00e0 consulter, il va pouvoir profiter de ces b\u00e9n\u00e9fices. La vision qu&rsquo;il avait de sa vie va changer, ce sont des \u00ab\u00a0petits riens\u00a0\u00bb qui ne sont pas rien. Ce nouveau regard, ce pas de c\u00f4t\u00e9 lui permettra de retravailler certains sujets &#8211; quelques mois ou ann\u00e9es plus tard &#8211; et en acqu\u00e9rir de nouveaux \u00e9clairages. Le travail analytique s&rsquo;effectue souvent par paliers avec une temporalit\u00e9 qui est propre \u00e0 chacun, temporalit\u00e9 que le psychanalyste est tenu de respecter.<\/span><\/p>\t\t\t\t\t\t\t\t<\/div>\n\t\t\t\t<\/div>\n\t\t\t\t\t<\/div>\n\t\t<\/div>\n\t\t\t\t\t<\/div>\n\t\t<\/section>\n\t\t\t\t<div class=\"elementor-element elementor-element-6e04b71 elementor-widget elementor-widget-spacer\" data-id=\"6e04b71\" data-element_type=\"widget\" data-e-type=\"widget\" data-widget_type=\"spacer.default\">\n\t\t\t\t<div class=\"elementor-widget-container\">\n\t\t\t\t\t\t\t<div class=\"elementor-spacer\">\n\t\t\t<div class=\"elementor-spacer-inner\"><\/div>\n\t\t<\/div>\n\t\t\t\t\t\t<\/div>\n\t\t\t\t<\/div>\n\t\t\t\t\t<\/div>\n\t\t<\/div>\n\t\t\t\t\t<\/div>\n\t\t<\/section>\n\t\t\t\t<\/div>\n\t\t","protected":false},"excerpt":{"rendered":"<p>Psychanalyste Sexoth\u00e9rapeute Th\u00e9rapeute de couple Marseille Psychanalyste Sexoth\u00e9rapeute Th\u00e9rapeute de couple Marseille CONTACT Psychanalyse Contrairement aux id\u00e9es re\u00e7ues, une analyse ne signifie pas obligatoirement s&rsquo;engager dans une th\u00e9rapie interminable. Elle est souhaitable lorsque le poids du pass\u00e9 handicape le pr\u00e9sent au point d\u2019emp\u00eacher une \u00e9volution, une prise de d\u00e9cision ou tout simplement un changement de comportement. La position allong\u00e9e sur le divan favorise le l\u00e2cher prise, l&rsquo;acc\u00e8s aux souvenirs et &#8211; par ce biais &#8211; \u00e0 l&rsquo;inconscient. Le patient est invit\u00e9 \u00e0 associer librement, c&rsquo;est-\u00e0-dire livrer tout ce qui lui passe par la t\u00eate, sans chercher \u00e0 retenir ou filtrer. Le divan permet de se livrer avec une plus grande libert\u00e9. Il n&rsquo;y a plus de face \u00e0 face car le psychanalyste est plac\u00e9 derri\u00e8re lui ce qui ne signifie pas pour autant qu&rsquo;il restera silencieux. Il va accompagner &#8211; de sa pr\u00e9sence discr\u00e8te &#8211; le patient dans cette d\u00e9marche si particuli\u00e8re, cette aventure qui am\u00e8ne \u00e0 la lib\u00e9ration, la compr\u00e9hension et l&rsquo;acceptation de son histoire. D\u00e9tricoter son histoire sur le divan, c\u2019est aller \u00e0 la rencontre de soi-m\u00eame, trouver son identit\u00e9 c&rsquo;est-\u00e0-dire sa place ou se retrouver, enfin. Progressivement, un mieux \u00eatre se fait sentir, une \u00e9nergie nouvelle se manifeste, annonciatrice de changements. Lorsque le patient est parvenu \u00e0 une situation \u00ab\u00a0confortable\u00a0\u00bb vis \u00e0 vis de ce qui l&rsquo;avait conduit \u00e0 consulter, il va pouvoir profiter de ces b\u00e9n\u00e9fices. La vision qu&rsquo;il avait de sa vie va changer, ce sont des \u00ab\u00a0petits riens\u00a0\u00bb qui ne sont pas rien. Ce nouveau regard, ce pas de c\u00f4t\u00e9 lui permettra de retravailler certains sujets &#8211; quelques mois ou ann\u00e9es plus tard &#8211; et en acqu\u00e9rir de nouveaux \u00e9clairages. Le travail analytique s&rsquo;effectue souvent par paliers avec une temporalit\u00e9 qui est propre \u00e0 chacun, temporalit\u00e9 que le psychanalyste est tenu de respecter.<\/p>\n","protected":false},"author":1,"featured_media":73,"parent":0,"menu_order":0,"comment_status":"closed","ping_status":"closed","template":"elementor_canvas","meta":{"footnotes":""},"class_list":["post-432","page","type-page","status-publish","has-post-thumbnail","hentry"],"_links":{"self":[{"href":"https:\/\/www.gautier-sylvie.com\/index.php\/wp-json\/wp\/v2\/pages\/432","targetHints":{"allow":["GET"]}}],"collection":[{"href":"https:\/\/www.gautier-sylvie.com\/index.php\/wp-json\/wp\/v2\/pages"}],"about":[{"href":"https:\/\/www.gautier-sylvie.com\/index.php\/wp-json\/wp\/v2\/types\/page"}],"author":[{"embeddable":true,"href":"https:\/\/www.gautier-sylvie.com\/index.php\/wp-json\/wp\/v2\/users\/1"}],"replies":[{"embeddable":true,"href":"https:\/\/www.gautier-sylvie.com\/index.php\/wp-json\/wp\/v2\/comments?post=432"}],"version-history":[{"count":42,"href":"https:\/\/www.gautier-sylvie.com\/index.php\/wp-json\/wp\/v2\/pages\/432\/revisions"}],"predecessor-version":[{"id":1054,"href":"https:\/\/www.gautier-sylvie.com\/index.php\/wp-json\/wp\/v2\/pages\/432\/revisions\/1054"}],"wp:featuredmedia":[{"embeddable":true,"href":"https:\/\/www.gautier-sylvie.com\/index.php\/wp-json\/wp\/v2\/media\/73"}],"wp:attachment":[{"href":"https:\/\/www.gautier-sylvie.com\/index.php\/wp-json\/wp\/v2\/media?parent=432"}],"curies":[{"name":"wp","href":"https:\/\/api.w.org\/{rel}","templated":true}]}}