{"id":398,"date":"2023-08-02T11:13:40","date_gmt":"2023-08-02T09:13:40","guid":{"rendered":"http:\/\/gautier-sylvie.com\/?page_id=398"},"modified":"2025-01-13T16:08:50","modified_gmt":"2025-01-13T15:08:50","slug":"psychotheraphie","status":"publish","type":"page","link":"https:\/\/www.gautier-sylvie.com\/index.php\/psychotheraphie\/","title":{"rendered":"Psychoth\u00e9rapie"},"content":{"rendered":"\t\t<div data-elementor-type=\"wp-page\" data-elementor-id=\"398\" class=\"elementor elementor-398\">\n\t\t\t\t\t\t<section class=\"elementor-section elementor-top-section elementor-element elementor-element-7f73634d elementor-section-boxed elementor-section-height-default elementor-section-height-default wpr-particle-no wpr-jarallax-no wpr-parallax-no wpr-sticky-section-no\" data-id=\"7f73634d\" data-element_type=\"section\" data-e-type=\"section\" data-settings=\"{&quot;background_background&quot;:&quot;slideshow&quot;,&quot;background_slideshow_gallery&quot;:[{&quot;id&quot;:326,&quot;url&quot;:&quot;https:\\\/\\\/www.gautier-sylvie.com\\\/wp-content\\\/uploads\\\/2023\\\/08\\\/2023-SLIDE-PRINCIPAL-MAINS-COUPLE.jpg&quot;},{&quot;id&quot;:330,&quot;url&quot;:&quot;https:\\\/\\\/www.gautier-sylvie.com\\\/wp-content\\\/uploads\\\/2023\\\/08\\\/COUPLE-HETERO-ai-generated-8047725_640.webp&quot;},{&quot;id&quot;:332,&quot;url&quot;:&quot;https:\\\/\\\/www.gautier-sylvie.com\\\/wp-content\\\/uploads\\\/2023\\\/08\\\/hearts-7694601_640.jpg&quot;},{&quot;id&quot;:331,&quot;url&quot;:&quot;https:\\\/\\\/www.gautier-sylvie.com\\\/wp-content\\\/uploads\\\/2023\\\/08\\\/COUPLE-HOMMES.jpg&quot;},{&quot;id&quot;:328,&quot;url&quot;:&quot;https:\\\/\\\/www.gautier-sylvie.com\\\/wp-content\\\/uploads\\\/2023\\\/08\\\/2023-COUPLE-BEBE.jpg&quot;},{&quot;id&quot;:329,&quot;url&quot;:&quot;https:\\\/\\\/www.gautier-sylvie.com\\\/wp-content\\\/uploads\\\/2023\\\/08\\\/COUPLE-FEMMES-women-1733991_640.jpg&quot;}],&quot;background_slideshow_transition_duration&quot;:497,&quot;background_slideshow_loop&quot;:&quot;yes&quot;,&quot;background_slideshow_slide_duration&quot;:5000,&quot;background_slideshow_slide_transition&quot;:&quot;fade&quot;}\">\n\t\t\t\t\t\t\t<div class=\"elementor-background-overlay\"><\/div>\n\t\t\t\t\t\t\t<div class=\"elementor-container elementor-column-gap-default\">\n\t\t\t\t\t<div class=\"elementor-column elementor-col-100 elementor-top-column elementor-element elementor-element-2dc1da61\" data-id=\"2dc1da61\" data-element_type=\"column\" data-e-type=\"column\" data-settings=\"{&quot;background_background&quot;:&quot;classic&quot;}\">\n\t\t\t<div class=\"elementor-widget-wrap elementor-element-populated\">\n\t\t\t\t\t\t<div class=\"elementor-element elementor-element-79122cd6 elementor-widget elementor-widget-spacer\" data-id=\"79122cd6\" data-element_type=\"widget\" data-e-type=\"widget\" data-widget_type=\"spacer.default\">\n\t\t\t\t<div class=\"elementor-widget-container\">\n\t\t\t\t\t\t\t<div class=\"elementor-spacer\">\n\t\t\t<div class=\"elementor-spacer-inner\"><\/div>\n\t\t<\/div>\n\t\t\t\t\t\t<\/div>\n\t\t\t\t<\/div>\n\t\t\t\t<div class=\"elementor-element elementor-element-38bc788f elementor-hidden-tablet elementor-hidden-mobile elementor-widget elementor-widget-heading\" data-id=\"38bc788f\" data-element_type=\"widget\" data-e-type=\"widget\" data-widget_type=\"heading.default\">\n\t\t\t\t<div class=\"elementor-widget-container\">\n\t\t\t\t\t<h1 class=\"elementor-heading-title elementor-size-default\">Psychanalyste  Sexoth\u00e9rapeute Th\u00e9rapeute de couple <br>\nMarseille<\/h1>\t\t\t\t<\/div>\n\t\t\t\t<\/div>\n\t\t\t\t<div class=\"elementor-element elementor-element-4246c74b elementor-hidden-desktop elementor-widget elementor-widget-heading\" data-id=\"4246c74b\" data-element_type=\"widget\" data-e-type=\"widget\" data-widget_type=\"heading.default\">\n\t\t\t\t<div class=\"elementor-widget-container\">\n\t\t\t\t\t<h1 class=\"elementor-heading-title elementor-size-default\">Psychanalyste Sexoth\u00e9rapeute \n<br>Th\u00e9rapeute de couple <br>\nMarseille<\/h1>\t\t\t\t<\/div>\n\t\t\t\t<\/div>\n\t\t\t\t<div class=\"elementor-element elementor-element-2ee08c6c elementor-align-center elementor-widget elementor-widget-button\" data-id=\"2ee08c6c\" data-element_type=\"widget\" data-e-type=\"widget\" data-widget_type=\"button.default\">\n\t\t\t\t<div class=\"elementor-widget-container\">\n\t\t\t\t\t\t\t\t\t<div class=\"elementor-button-wrapper\">\n\t\t\t\t\t<a class=\"elementor-button elementor-button-link elementor-size-sm\" href=\"https:\/\/www.gautier-sylvie.com\/index.php\/contact\/\">\n\t\t\t\t\t\t<span class=\"elementor-button-content-wrapper\">\n\t\t\t\t\t\t\t\t\t<span class=\"elementor-button-text\">CONTACT<\/span>\n\t\t\t\t\t<\/span>\n\t\t\t\t\t<\/a>\n\t\t\t\t<\/div>\n\t\t\t\t\t\t\t\t<\/div>\n\t\t\t\t<\/div>\n\t\t\t\t<div class=\"elementor-element elementor-element-5b4161ea elementor-widget elementor-widget-spacer\" data-id=\"5b4161ea\" data-element_type=\"widget\" data-e-type=\"widget\" data-widget_type=\"spacer.default\">\n\t\t\t\t<div class=\"elementor-widget-container\">\n\t\t\t\t\t\t\t<div class=\"elementor-spacer\">\n\t\t\t<div class=\"elementor-spacer-inner\"><\/div>\n\t\t<\/div>\n\t\t\t\t\t\t<\/div>\n\t\t\t\t<\/div>\n\t\t\t\t\t<\/div>\n\t\t<\/div>\n\t\t\t\t\t<\/div>\n\t\t<\/section>\n\t\t\t\t<section class=\"elementor-section elementor-top-section elementor-element elementor-element-0cb8fd9 elementor-section-boxed elementor-section-height-default elementor-section-height-default wpr-particle-no wpr-jarallax-no wpr-parallax-no wpr-sticky-section-no\" data-id=\"0cb8fd9\" data-element_type=\"section\" data-e-type=\"section\" data-settings=\"{&quot;background_background&quot;:&quot;classic&quot;}\">\n\t\t\t\t\t\t\t<div class=\"elementor-background-overlay\"><\/div>\n\t\t\t\t\t\t\t<div class=\"elementor-container elementor-column-gap-default\">\n\t\t\t\t\t<div class=\"elementor-column elementor-col-100 elementor-top-column elementor-element elementor-element-041cb6a\" data-id=\"041cb6a\" data-element_type=\"column\" data-e-type=\"column\">\n\t\t\t<div class=\"elementor-widget-wrap elementor-element-populated\">\n\t\t\t\t\t\t<div class=\"elementor-element elementor-element-80a3b51 elementor-widget elementor-widget-spacer\" data-id=\"80a3b51\" data-element_type=\"widget\" data-e-type=\"widget\" data-widget_type=\"spacer.default\">\n\t\t\t\t<div class=\"elementor-widget-container\">\n\t\t\t\t\t\t\t<div class=\"elementor-spacer\">\n\t\t\t<div class=\"elementor-spacer-inner\"><\/div>\n\t\t<\/div>\n\t\t\t\t\t\t<\/div>\n\t\t\t\t<\/div>\n\t\t\t\t<div class=\"elementor-element elementor-element-a7f1e64 elementor-widget elementor-widget-heading\" data-id=\"a7f1e64\" data-element_type=\"widget\" data-e-type=\"widget\" data-widget_type=\"heading.default\">\n\t\t\t\t<div class=\"elementor-widget-container\">\n\t\t\t\t\t<h2 class=\"elementor-heading-title elementor-size-default\">Psychoth\u00e9rapie de soutien ou psychoth\u00e9rapie analytique : un accompagnement b\u00e9n\u00e9fique pour all\u00e9ger les souffrances.<\/h2>\t\t\t\t<\/div>\n\t\t\t\t<\/div>\n\t\t\t\t<div class=\"elementor-element elementor-element-1fdd147 elementor-widget-divider--view-line elementor-widget elementor-widget-divider\" data-id=\"1fdd147\" data-element_type=\"widget\" data-e-type=\"widget\" data-widget_type=\"divider.default\">\n\t\t\t\t<div class=\"elementor-widget-container\">\n\t\t\t\t\t\t\t<div class=\"elementor-divider\">\n\t\t\t<span class=\"elementor-divider-separator\">\n\t\t\t\t\t\t<\/span>\n\t\t<\/div>\n\t\t\t\t\t\t<\/div>\n\t\t\t\t<\/div>\n\t\t\t\t<section class=\"elementor-section elementor-inner-section elementor-element elementor-element-bc98f60 elementor-section-boxed elementor-section-height-default elementor-section-height-default wpr-particle-no wpr-jarallax-no wpr-parallax-no wpr-sticky-section-no\" data-id=\"bc98f60\" data-element_type=\"section\" data-e-type=\"section\">\n\t\t\t\t\t\t<div class=\"elementor-container elementor-column-gap-default\">\n\t\t\t\t\t<div class=\"elementor-column elementor-col-50 elementor-inner-column elementor-element elementor-element-d0d638f\" data-id=\"d0d638f\" data-element_type=\"column\" data-e-type=\"column\">\n\t\t\t<div class=\"elementor-widget-wrap elementor-element-populated\">\n\t\t\t\t\t\t<div class=\"elementor-element elementor-element-6beff3b elementor-widget elementor-widget-text-editor\" data-id=\"6beff3b\" data-element_type=\"widget\" data-e-type=\"widget\" data-widget_type=\"text-editor.default\">\n\t\t\t\t<div class=\"elementor-widget-container\">\n\t\t\t\t\t\t\t\t\t<p>La psychoth\u00e9rapie de soutien\u00a0est destin\u00e9e \u00e0 toute personne qui vient de subir un \u00e9v\u00e9nement important, accompagn\u00e9 ou non d\u2019un effondrement. Elle peut \u00e9galement permettre au patient de supporter ses difficult\u00e9s lorsque celles-ci \u2013 ajout\u00e9es les unes aux autres \u2013 deviennent si lourdes que l\u2019\u00e9nergie n\u2019est pas au rendez-vous pour assumer le quotidien. Le r\u00f4le du\u00a0th\u00e9rapeute\u00a0est d\u2019accompagner pour aider \u00e0 les surmonter et \u00e0 retrouver des rep\u00e8res s\u00e9curisants.<\/p><p>La psychoth\u00e9rapie d\u2019inspiration analytique permet d\u2019aller davantage en profondeur. Un \u00e9change actif s\u2019engage entre le patient et le th\u00e9rapeute. Cependant, il ne s\u2019agit pas d\u2019une conversation. Le th\u00e9rapeute ne propose pas de solution mais des pistes de r\u00e9flexion pour aider le patient \u00e0 trouver sa v\u00e9rit\u00e9. En fonction du d\u00e9roul\u00e9 de la th\u00e9rapie, il sera possible de continuer par une analyse allong\u00e9e qui favorise le l\u00e2cher prise, les associations libres et l\u2019acc\u00e8s \u00e0 l\u2019inconscient.<\/p>\t\t\t\t\t\t\t\t<\/div>\n\t\t\t\t<\/div>\n\t\t\t\t<div class=\"elementor-element elementor-element-d18e5eb elementor-widget-divider--view-line elementor-widget elementor-widget-divider\" data-id=\"d18e5eb\" data-element_type=\"widget\" data-e-type=\"widget\" data-widget_type=\"divider.default\">\n\t\t\t\t<div class=\"elementor-widget-container\">\n\t\t\t\t\t\t\t<div class=\"elementor-divider\">\n\t\t\t<span class=\"elementor-divider-separator\">\n\t\t\t\t\t\t<\/span>\n\t\t<\/div>\n\t\t\t\t\t\t<\/div>\n\t\t\t\t<\/div>\n\t\t\t\t\t<\/div>\n\t\t<\/div>\n\t\t\t\t<div class=\"elementor-column elementor-col-50 elementor-inner-column elementor-element elementor-element-cc219cd\" data-id=\"cc219cd\" data-element_type=\"column\" data-e-type=\"column\">\n\t\t\t<div class=\"elementor-widget-wrap elementor-element-populated\">\n\t\t\t\t\t\t<div class=\"elementor-element elementor-element-636af82 elementor-widget elementor-widget-image\" data-id=\"636af82\" data-element_type=\"widget\" data-e-type=\"widget\" data-widget_type=\"image.default\">\n\t\t\t\t<div class=\"elementor-widget-container\">\n\t\t\t\t\t\t\t\t\t\t\t\t\t\t\t<img fetchpriority=\"high\" decoding=\"async\" width=\"800\" height=\"600\" src=\"https:\/\/www.gautier-sylvie.com\/wp-content\/uploads\/2023\/08\/2023-PAGE-PSYCHOTHERAPIE-1-1024x768.jpg\" class=\"attachment-large size-large wp-image-325\" alt=\"\" srcset=\"https:\/\/www.gautier-sylvie.com\/wp-content\/uploads\/2023\/08\/2023-PAGE-PSYCHOTHERAPIE-1-1024x768.jpg 1024w, https:\/\/www.gautier-sylvie.com\/wp-content\/uploads\/2023\/08\/2023-PAGE-PSYCHOTHERAPIE-1-300x225.jpg 300w, https:\/\/www.gautier-sylvie.com\/wp-content\/uploads\/2023\/08\/2023-PAGE-PSYCHOTHERAPIE-1-768x576.jpg 768w, https:\/\/www.gautier-sylvie.com\/wp-content\/uploads\/2023\/08\/2023-PAGE-PSYCHOTHERAPIE-1.jpg 1280w\" sizes=\"(max-width: 800px) 100vw, 800px\" \/>\t\t\t\t\t\t\t\t\t\t\t\t\t\t\t<\/div>\n\t\t\t\t<\/div>\n\t\t\t\t\t<\/div>\n\t\t<\/div>\n\t\t\t\t\t<\/div>\n\t\t<\/section>\n\t\t\t\t<div class=\"elementor-element elementor-element-4dc4fbe elementor-widget elementor-widget-spacer\" data-id=\"4dc4fbe\" data-element_type=\"widget\" data-e-type=\"widget\" data-widget_type=\"spacer.default\">\n\t\t\t\t<div class=\"elementor-widget-container\">\n\t\t\t\t\t\t\t<div class=\"elementor-spacer\">\n\t\t\t<div class=\"elementor-spacer-inner\"><\/div>\n\t\t<\/div>\n\t\t\t\t\t\t<\/div>\n\t\t\t\t<\/div>\n\t\t\t\t\t<\/div>\n\t\t<\/div>\n\t\t\t\t\t<\/div>\n\t\t<\/section>\n\t\t\t\t<\/div>\n\t\t","protected":false},"excerpt":{"rendered":"<p>Psychanalyste Sexoth\u00e9rapeute Th\u00e9rapeute de couple Marseille Psychanalyste Sexoth\u00e9rapeute Th\u00e9rapeute de couple Marseille CONTACT Psychoth\u00e9rapie de soutien ou psychoth\u00e9rapie analytique : un accompagnement b\u00e9n\u00e9fique pour all\u00e9ger les souffrances. La psychoth\u00e9rapie de soutien\u00a0est destin\u00e9e \u00e0 toute personne qui vient de subir un \u00e9v\u00e9nement important, accompagn\u00e9 ou non d\u2019un effondrement. Elle peut \u00e9galement permettre au patient de supporter ses difficult\u00e9s lorsque celles-ci \u2013 ajout\u00e9es les unes aux autres \u2013 deviennent si lourdes que l\u2019\u00e9nergie n\u2019est pas au rendez-vous pour assumer le quotidien. Le r\u00f4le du\u00a0th\u00e9rapeute\u00a0est d\u2019accompagner pour aider \u00e0 les surmonter et \u00e0 retrouver des rep\u00e8res s\u00e9curisants. La psychoth\u00e9rapie d\u2019inspiration analytique permet d\u2019aller davantage en profondeur. Un \u00e9change actif s\u2019engage entre le patient et le th\u00e9rapeute. Cependant, il ne s\u2019agit pas d\u2019une conversation. Le th\u00e9rapeute ne propose pas de solution mais des pistes de r\u00e9flexion pour aider le patient \u00e0 trouver sa v\u00e9rit\u00e9. En fonction du d\u00e9roul\u00e9 de la th\u00e9rapie, il sera possible de continuer par une analyse allong\u00e9e qui favorise le l\u00e2cher prise, les associations libres et l\u2019acc\u00e8s \u00e0 l\u2019inconscient.<\/p>\n","protected":false},"author":1,"featured_media":71,"parent":0,"menu_order":0,"comment_status":"closed","ping_status":"closed","template":"elementor_canvas","meta":{"footnotes":""},"class_list":["post-398","page","type-page","status-publish","has-post-thumbnail","hentry"],"_links":{"self":[{"href":"https:\/\/www.gautier-sylvie.com\/index.php\/wp-json\/wp\/v2\/pages\/398","targetHints":{"allow":["GET"]}}],"collection":[{"href":"https:\/\/www.gautier-sylvie.com\/index.php\/wp-json\/wp\/v2\/pages"}],"about":[{"href":"https:\/\/www.gautier-sylvie.com\/index.php\/wp-json\/wp\/v2\/types\/page"}],"author":[{"embeddable":true,"href":"https:\/\/www.gautier-sylvie.com\/index.php\/wp-json\/wp\/v2\/users\/1"}],"replies":[{"embeddable":true,"href":"https:\/\/www.gautier-sylvie.com\/index.php\/wp-json\/wp\/v2\/comments?post=398"}],"version-history":[{"count":43,"href":"https:\/\/www.gautier-sylvie.com\/index.php\/wp-json\/wp\/v2\/pages\/398\/revisions"}],"predecessor-version":[{"id":1051,"href":"https:\/\/www.gautier-sylvie.com\/index.php\/wp-json\/wp\/v2\/pages\/398\/revisions\/1051"}],"wp:featuredmedia":[{"embeddable":true,"href":"https:\/\/www.gautier-sylvie.com\/index.php\/wp-json\/wp\/v2\/media\/71"}],"wp:attachment":[{"href":"https:\/\/www.gautier-sylvie.com\/index.php\/wp-json\/wp\/v2\/media?parent=398"}],"curies":[{"name":"wp","href":"https:\/\/api.w.org\/{rel}","templated":true}]}}