{"id":309,"date":"2023-07-31T17:53:29","date_gmt":"2023-07-31T15:53:29","guid":{"rendered":"http:\/\/gautier-sylvie.com\/?page_id=309"},"modified":"2025-01-13T16:09:56","modified_gmt":"2025-01-13T15:09:56","slug":"aide-a-la-parentalite","status":"publish","type":"page","link":"https:\/\/www.gautier-sylvie.com\/index.php\/aide-a-la-parentalite\/","title":{"rendered":"Aide \u00e0 la parentalit\u00e9"},"content":{"rendered":"\t\t<div data-elementor-type=\"wp-page\" data-elementor-id=\"309\" class=\"elementor elementor-309\">\n\t\t\t\t\t\t<section class=\"elementor-section elementor-top-section elementor-element elementor-element-a339cd2 elementor-section-boxed elementor-section-height-default elementor-section-height-default wpr-particle-no wpr-jarallax-no wpr-parallax-no wpr-sticky-section-no\" data-id=\"a339cd2\" data-element_type=\"section\" data-e-type=\"section\" data-settings=\"{&quot;background_background&quot;:&quot;slideshow&quot;,&quot;background_slideshow_gallery&quot;:[{&quot;id&quot;:326,&quot;url&quot;:&quot;https:\\\/\\\/www.gautier-sylvie.com\\\/wp-content\\\/uploads\\\/2023\\\/08\\\/2023-SLIDE-PRINCIPAL-MAINS-COUPLE.jpg&quot;},{&quot;id&quot;:330,&quot;url&quot;:&quot;https:\\\/\\\/www.gautier-sylvie.com\\\/wp-content\\\/uploads\\\/2023\\\/08\\\/COUPLE-HETERO-ai-generated-8047725_640.webp&quot;},{&quot;id&quot;:331,&quot;url&quot;:&quot;https:\\\/\\\/www.gautier-sylvie.com\\\/wp-content\\\/uploads\\\/2023\\\/08\\\/COUPLE-HOMMES.jpg&quot;},{&quot;id&quot;:328,&quot;url&quot;:&quot;https:\\\/\\\/www.gautier-sylvie.com\\\/wp-content\\\/uploads\\\/2023\\\/08\\\/2023-COUPLE-BEBE.jpg&quot;},{&quot;id&quot;:329,&quot;url&quot;:&quot;https:\\\/\\\/www.gautier-sylvie.com\\\/wp-content\\\/uploads\\\/2023\\\/08\\\/COUPLE-FEMMES-women-1733991_640.jpg&quot;}],&quot;background_slideshow_loop&quot;:&quot;yes&quot;,&quot;background_slideshow_slide_duration&quot;:5000,&quot;background_slideshow_slide_transition&quot;:&quot;fade&quot;,&quot;background_slideshow_transition_duration&quot;:500}\">\n\t\t\t\t\t\t\t<div class=\"elementor-background-overlay\"><\/div>\n\t\t\t\t\t\t\t<div class=\"elementor-container elementor-column-gap-default\">\n\t\t\t\t\t<div class=\"elementor-column elementor-col-100 elementor-top-column elementor-element elementor-element-a353f7d\" data-id=\"a353f7d\" data-element_type=\"column\" data-e-type=\"column\" data-settings=\"{&quot;background_background&quot;:&quot;classic&quot;}\">\n\t\t\t<div class=\"elementor-widget-wrap elementor-element-populated\">\n\t\t\t\t\t\t<div class=\"elementor-element elementor-element-4c97089 elementor-widget elementor-widget-spacer\" data-id=\"4c97089\" data-element_type=\"widget\" data-e-type=\"widget\" data-widget_type=\"spacer.default\">\n\t\t\t\t<div class=\"elementor-widget-container\">\n\t\t\t\t\t\t\t<div class=\"elementor-spacer\">\n\t\t\t<div class=\"elementor-spacer-inner\"><\/div>\n\t\t<\/div>\n\t\t\t\t\t\t<\/div>\n\t\t\t\t<\/div>\n\t\t\t\t<div class=\"elementor-element elementor-element-b672c2b elementor-widget elementor-widget-heading\" data-id=\"b672c2b\" data-element_type=\"widget\" data-e-type=\"widget\" data-widget_type=\"heading.default\">\n\t\t\t\t<div class=\"elementor-widget-container\">\n\t\t\t\t\t<h1 class=\"elementor-heading-title elementor-size-default\">Psychanalyste  Sexoth\u00e9rapeute Th\u00e9rapeute de couple <br>\nMarseille<\/h1>\t\t\t\t<\/div>\n\t\t\t\t<\/div>\n\t\t\t\t<div class=\"elementor-element elementor-element-e88b4a2 elementor-align-center elementor-widget elementor-widget-button\" data-id=\"e88b4a2\" data-element_type=\"widget\" data-e-type=\"widget\" data-widget_type=\"button.default\">\n\t\t\t\t<div class=\"elementor-widget-container\">\n\t\t\t\t\t\t\t\t\t<div class=\"elementor-button-wrapper\">\n\t\t\t\t\t<a class=\"elementor-button elementor-button-link elementor-size-sm\" href=\"https:\/\/www.gautier-sylvie.com\/index.php\/contact\/\">\n\t\t\t\t\t\t<span class=\"elementor-button-content-wrapper\">\n\t\t\t\t\t\t\t\t\t<span class=\"elementor-button-text\">CONTACT<\/span>\n\t\t\t\t\t<\/span>\n\t\t\t\t\t<\/a>\n\t\t\t\t<\/div>\n\t\t\t\t\t\t\t\t<\/div>\n\t\t\t\t<\/div>\n\t\t\t\t<div class=\"elementor-element elementor-element-93354d9 elementor-widget elementor-widget-spacer\" data-id=\"93354d9\" data-element_type=\"widget\" data-e-type=\"widget\" data-widget_type=\"spacer.default\">\n\t\t\t\t<div class=\"elementor-widget-container\">\n\t\t\t\t\t\t\t<div class=\"elementor-spacer\">\n\t\t\t<div class=\"elementor-spacer-inner\"><\/div>\n\t\t<\/div>\n\t\t\t\t\t\t<\/div>\n\t\t\t\t<\/div>\n\t\t\t\t\t<\/div>\n\t\t<\/div>\n\t\t\t\t\t<\/div>\n\t\t<\/section>\n\t\t\t\t<section class=\"elementor-section elementor-top-section elementor-element elementor-element-db4551f elementor-section-boxed elementor-section-height-default elementor-section-height-default wpr-particle-no wpr-jarallax-no wpr-parallax-no wpr-sticky-section-no\" data-id=\"db4551f\" data-element_type=\"section\" data-e-type=\"section\" data-settings=\"{&quot;background_background&quot;:&quot;classic&quot;}\">\n\t\t\t\t\t\t\t<div class=\"elementor-background-overlay\"><\/div>\n\t\t\t\t\t\t\t<div class=\"elementor-container elementor-column-gap-default\">\n\t\t\t\t\t<div class=\"elementor-column elementor-col-100 elementor-top-column elementor-element elementor-element-75a007c\" data-id=\"75a007c\" data-element_type=\"column\" data-e-type=\"column\">\n\t\t\t<div class=\"elementor-widget-wrap elementor-element-populated\">\n\t\t\t\t\t\t<div class=\"elementor-element elementor-element-5458e3f elementor-widget elementor-widget-spacer\" data-id=\"5458e3f\" data-element_type=\"widget\" data-e-type=\"widget\" data-widget_type=\"spacer.default\">\n\t\t\t\t<div class=\"elementor-widget-container\">\n\t\t\t\t\t\t\t<div class=\"elementor-spacer\">\n\t\t\t<div class=\"elementor-spacer-inner\"><\/div>\n\t\t<\/div>\n\t\t\t\t\t\t<\/div>\n\t\t\t\t<\/div>\n\t\t\t\t<div class=\"elementor-element elementor-element-7b16eeb elementor-widget elementor-widget-heading\" data-id=\"7b16eeb\" data-element_type=\"widget\" data-e-type=\"widget\" data-widget_type=\"heading.default\">\n\t\t\t\t<div class=\"elementor-widget-container\">\n\t\t\t\t\t<h2 class=\"elementor-heading-title elementor-size-default\">Aide \u00e0 la parentalit\u00e9 : Vous avez tout essay\u00e9 mais rien ne fonctionne et vous commencez \u00e0 perdre pied dans votre couple ou avec votre enfant?<\/h2>\t\t\t\t<\/div>\n\t\t\t\t<\/div>\n\t\t\t\t<section class=\"elementor-section elementor-inner-section elementor-element elementor-element-f6b081b elementor-section-boxed elementor-section-height-default elementor-section-height-default wpr-particle-no wpr-jarallax-no wpr-parallax-no wpr-sticky-section-no\" data-id=\"f6b081b\" data-element_type=\"section\" data-e-type=\"section\">\n\t\t\t\t\t\t<div class=\"elementor-container elementor-column-gap-default\">\n\t\t\t\t\t<div class=\"elementor-column elementor-col-50 elementor-inner-column elementor-element elementor-element-e39f42d\" data-id=\"e39f42d\" data-element_type=\"column\" data-e-type=\"column\">\n\t\t\t<div class=\"elementor-widget-wrap elementor-element-populated\">\n\t\t\t\t\t\t<div class=\"elementor-element elementor-element-f60821c elementor-widget elementor-widget-text-editor\" data-id=\"f60821c\" data-element_type=\"widget\" data-e-type=\"widget\" data-widget_type=\"text-editor.default\">\n\t\t\t\t<div class=\"elementor-widget-container\">\n\t\t\t\t\t\t\t\t\t<p>La venue d\u2019un enfant est souvent source d\u2019un grand bonheur et \u2013 \u00e0 la fois \u2013 la cause d\u2019une multitude de difficult\u00e9s. Quelquefois, ce sont de v\u00e9ritables \u00e9preuves, souvent impr\u00e9visibles. Ce paradoxe est extr\u00eamement difficile \u00e0 vivre pour les parents, compl\u00e8tement d\u00e9munis et d\u00e9pass\u00e9s face \u00e0 ces situations, d\u2019autant qu\u2019il engendre une grande culpabilit\u00e9.<\/p><p>Enfant d\u00e9sir\u00e9 ou non, la grossesse \u2013 \u00e0 cause des d\u00e9sordres physiologiques qui l\u2019accompagnent \u2013 vient souvent bouleverser la vie des futurs parents et \u2013 par la m\u00eame occasion \u2013 les habitudes du couple. Quelle femme n\u2019a pas r\u00eav\u00e9 de la grossesse id\u00e9ale laquelle se transforme quelquefois en petit enfer ? Sans parler d\u2019un accouchement difficile, v\u00e9cu dans l\u2019angoisse ou la solitude, sans v\u00e9ritable soutien et la d\u00e9pression post partum pas toujours identifi\u00e9e et peu verbalis\u00e9e. A qui parler de tout ceci lorsqu\u2019on craint d\u2019\u00eatre jug\u00e9 (e) ? A qui s\u2019adresser lorsque le lien avec l\u2019enfant ne se fait pas, lorsqu\u2019il s\u2019agit d\u2019un enfant difficile ?<\/p><p>A la naissance, les deux parents vont vivre un autre bouleversement lequel n\u2019est pas forc\u00e9ment v\u00e9cu de la m\u00eame fa\u00e7on par le papa et la maman. Ils sont cens\u00e9s comprendre leur b\u00e9b\u00e9, deviner ses besoins et savoir adapter leur r\u00e9ponse \u00e0 chaque \u00e9tape de son d\u00e9veloppement alors qu\u2019ils n\u2019ont re\u00e7u aucune \u00ab formation \u00bb pour d\u00e9velopper ces comp\u00e9tences. Puis vient la p\u00e9riode d\u00e9licate des limites \u00e0 poser : comment et surtout pourquoi elles sont n\u00e9cessaires. Comment les doser ?<\/p><p>Tout ceci repose sur la notion de \u00ab la m\u00e8re suffisamment bonne \u00bb de Donald WINNICOTT ce qui signifie : ni trop, ni pas assez. Toutes ces complications auxquelles les parents ne sont pas pr\u00e9par\u00e9s entra\u00eenent- la plupart du temps \u2013 beaucoup d\u2019anxi\u00e9t\u00e9, un fort sentiment de culpabilit\u00e9 et des questions : Est-ce que je suis un bon parent ? Est-ce que je vais y arriver ? Pourquoi mon b\u00e9b\u00e9 ne fait pas ses nuits ? etc \u2026.<\/p><p>De plus, comme si toutes ces incertitudes n\u2019\u00e9taient pas suffisantes, il survient aussi des difficult\u00e9s sexuelles, impr\u00e9vues elles aussi et frustrantes : comment faire pour retrouver la libido d\u2019avant, combiner tous les r\u00f4les et regagner un \u00e9quilibre ? Manque de temps, stress, anxi\u00e9t\u00e9 voire angoisse, doutes, conflits sont le lot quotidien des parents qui se sentent souvent bien seuls car ces sujets restent encore tabous. C\u2019est pourquoi il est important de ne pas attendre pour solliciter un professionnel sp\u00e9cialis\u00e9 dans l&rsquo;aide \u00e0 la parentalit\u00e9 et les difficult\u00e9s sexuelles.<\/p>\t\t\t\t\t\t\t\t<\/div>\n\t\t\t\t<\/div>\n\t\t\t\t\t<\/div>\n\t\t<\/div>\n\t\t\t\t<div class=\"elementor-column elementor-col-50 elementor-inner-column elementor-element elementor-element-e79d55e\" data-id=\"e79d55e\" data-element_type=\"column\" data-e-type=\"column\">\n\t\t\t<div class=\"elementor-widget-wrap elementor-element-populated\">\n\t\t\t\t\t\t<div class=\"elementor-element elementor-element-0069b62 elementor-widget elementor-widget-image\" data-id=\"0069b62\" data-element_type=\"widget\" data-e-type=\"widget\" data-widget_type=\"image.default\">\n\t\t\t\t<div class=\"elementor-widget-container\">\n\t\t\t\t\t\t\t\t\t\t\t\t\t\t\t<img fetchpriority=\"high\" decoding=\"async\" width=\"800\" height=\"533\" src=\"https:\/\/www.gautier-sylvie.com\/wp-content\/uploads\/2023\/08\/2023-COUPLE-BEBE-1024x682.jpg\" class=\"attachment-large size-large wp-image-328\" alt=\"\" srcset=\"https:\/\/www.gautier-sylvie.com\/wp-content\/uploads\/2023\/08\/2023-COUPLE-BEBE-1024x682.jpg 1024w, https:\/\/www.gautier-sylvie.com\/wp-content\/uploads\/2023\/08\/2023-COUPLE-BEBE-300x200.jpg 300w, https:\/\/www.gautier-sylvie.com\/wp-content\/uploads\/2023\/08\/2023-COUPLE-BEBE-768x512.jpg 768w, https:\/\/www.gautier-sylvie.com\/wp-content\/uploads\/2023\/08\/2023-COUPLE-BEBE.jpg 1280w\" sizes=\"(max-width: 800px) 100vw, 800px\" \/>\t\t\t\t\t\t\t\t\t\t\t\t\t\t\t<\/div>\n\t\t\t\t<\/div>\n\t\t\t\t\t<\/div>\n\t\t<\/div>\n\t\t\t\t\t<\/div>\n\t\t<\/section>\n\t\t\t\t<div class=\"elementor-element elementor-element-6b993ee elementor-widget elementor-widget-spacer\" data-id=\"6b993ee\" data-element_type=\"widget\" data-e-type=\"widget\" data-widget_type=\"spacer.default\">\n\t\t\t\t<div class=\"elementor-widget-container\">\n\t\t\t\t\t\t\t<div class=\"elementor-spacer\">\n\t\t\t<div class=\"elementor-spacer-inner\"><\/div>\n\t\t<\/div>\n\t\t\t\t\t\t<\/div>\n\t\t\t\t<\/div>\n\t\t\t\t\t<\/div>\n\t\t<\/div>\n\t\t\t\t\t<\/div>\n\t\t<\/section>\n\t\t\t\t<\/div>\n\t\t","protected":false},"excerpt":{"rendered":"<p>Psychanalyste Sexoth\u00e9rapeute Th\u00e9rapeute de couple Marseille CONTACT Aide \u00e0 la parentalit\u00e9 : Vous avez tout essay\u00e9 mais rien ne fonctionne et vous commencez \u00e0 perdre pied dans votre couple ou avec votre enfant? La venue d\u2019un enfant est souvent source d\u2019un grand bonheur et \u2013 \u00e0 la fois \u2013 la cause d\u2019une multitude de difficult\u00e9s. Quelquefois, ce sont de v\u00e9ritables \u00e9preuves, souvent impr\u00e9visibles. Ce paradoxe est extr\u00eamement difficile \u00e0 vivre pour les parents, compl\u00e8tement d\u00e9munis et d\u00e9pass\u00e9s face \u00e0 ces situations, d\u2019autant qu\u2019il engendre une grande culpabilit\u00e9. Enfant d\u00e9sir\u00e9 ou non, la grossesse \u2013 \u00e0 cause des d\u00e9sordres physiologiques qui l\u2019accompagnent \u2013 vient souvent bouleverser la vie des futurs parents et \u2013 par la m\u00eame occasion \u2013 les habitudes du couple. Quelle femme n\u2019a pas r\u00eav\u00e9 de la grossesse id\u00e9ale laquelle se transforme quelquefois en petit enfer ? Sans parler d\u2019un accouchement difficile, v\u00e9cu dans l\u2019angoisse ou la solitude, sans v\u00e9ritable soutien et la d\u00e9pression post partum pas toujours identifi\u00e9e et peu verbalis\u00e9e. A qui parler de tout ceci lorsqu\u2019on craint d\u2019\u00eatre jug\u00e9 (e) ? A qui s\u2019adresser lorsque le lien avec l\u2019enfant ne se fait pas, lorsqu\u2019il s\u2019agit d\u2019un enfant difficile ? A la naissance, les deux parents vont vivre un autre bouleversement lequel n\u2019est pas forc\u00e9ment v\u00e9cu de la m\u00eame fa\u00e7on par le papa et la maman. Ils sont cens\u00e9s comprendre leur b\u00e9b\u00e9, deviner ses besoins et savoir adapter leur r\u00e9ponse \u00e0 chaque \u00e9tape de son d\u00e9veloppement alors qu\u2019ils n\u2019ont re\u00e7u aucune \u00ab formation \u00bb pour d\u00e9velopper ces comp\u00e9tences. Puis vient la p\u00e9riode d\u00e9licate des limites \u00e0 poser : comment et surtout pourquoi elles sont n\u00e9cessaires. Comment les doser ? Tout ceci repose sur la notion de \u00ab la m\u00e8re suffisamment bonne \u00bb de Donald WINNICOTT ce qui signifie : ni trop, ni pas assez. Toutes ces complications auxquelles les parents ne sont pas pr\u00e9par\u00e9s entra\u00eenent- la plupart du temps \u2013 beaucoup d\u2019anxi\u00e9t\u00e9, un fort sentiment de culpabilit\u00e9 et des questions : Est-ce que je suis un bon parent ? Est-ce que je vais y arriver ? Pourquoi mon b\u00e9b\u00e9 ne fait pas ses nuits ? etc \u2026. De plus, comme si toutes ces incertitudes n\u2019\u00e9taient pas suffisantes, il survient aussi des difficult\u00e9s sexuelles, impr\u00e9vues elles aussi et frustrantes : comment faire pour retrouver la libido d\u2019avant, combiner tous les r\u00f4les et regagner un \u00e9quilibre ? Manque de temps, stress, anxi\u00e9t\u00e9 voire angoisse, doutes, conflits sont le lot quotidien des parents qui se sentent souvent bien seuls car ces sujets restent encore tabous. C\u2019est pourquoi il est important de ne pas attendre pour solliciter un professionnel sp\u00e9cialis\u00e9 dans l&rsquo;aide \u00e0 la parentalit\u00e9 et les difficult\u00e9s sexuelles.<\/p>\n","protected":false},"author":1,"featured_media":0,"parent":0,"menu_order":0,"comment_status":"closed","ping_status":"closed","template":"elementor_canvas","meta":{"footnotes":""},"class_list":["post-309","page","type-page","status-publish","hentry"],"_links":{"self":[{"href":"https:\/\/www.gautier-sylvie.com\/index.php\/wp-json\/wp\/v2\/pages\/309","targetHints":{"allow":["GET"]}}],"collection":[{"href":"https:\/\/www.gautier-sylvie.com\/index.php\/wp-json\/wp\/v2\/pages"}],"about":[{"href":"https:\/\/www.gautier-sylvie.com\/index.php\/wp-json\/wp\/v2\/types\/page"}],"author":[{"embeddable":true,"href":"https:\/\/www.gautier-sylvie.com\/index.php\/wp-json\/wp\/v2\/users\/1"}],"replies":[{"embeddable":true,"href":"https:\/\/www.gautier-sylvie.com\/index.php\/wp-json\/wp\/v2\/comments?post=309"}],"version-history":[{"count":31,"href":"https:\/\/www.gautier-sylvie.com\/index.php\/wp-json\/wp\/v2\/pages\/309\/revisions"}],"predecessor-version":[{"id":1057,"href":"https:\/\/www.gautier-sylvie.com\/index.php\/wp-json\/wp\/v2\/pages\/309\/revisions\/1057"}],"wp:attachment":[{"href":"https:\/\/www.gautier-sylvie.com\/index.php\/wp-json\/wp\/v2\/media?parent=309"}],"curies":[{"name":"wp","href":"https:\/\/api.w.org\/{rel}","templated":true}]}}